{"id":1527,"date":"2023-06-06T13:12:57","date_gmt":"2023-06-06T13:12:57","guid":{"rendered":"https:\/\/febabottoni.it\/la-durabilite\/"},"modified":"2023-09-26T15:38:05","modified_gmt":"2023-09-26T13:38:05","slug":"la-durabilite","status":"publish","type":"page","link":"https:\/\/febabottoni.it\/fr\/la-durabilite\/","title":{"rendered":"LA DURABILIT\u00c9"},"content":{"rendered":"\t\t<div data-elementor-type=\"wp-page\" data-elementor-id=\"1527\" class=\"elementor elementor-1527 elementor-237\">\n\t\t\t\t\t\t\t<div class=\"elementor-element elementor-element-4e50959 e-con-boxed e-flex e-con\" data-id=\"4e50959\" data-element_type=\"container\" data-settings=\"{&quot;background_background&quot;:&quot;classic&quot;,&quot;content_width&quot;:&quot;boxed&quot;}\">\n\t\t\t\t\t<div class=\"e-con-inner\">\n\t\t\t\t\t<\/div>\n\t\t\t\t<\/div>\n\t\t<div class=\"elementor-element elementor-element-a4c2784 e-con-boxed e-flex e-con\" data-id=\"a4c2784\" data-element_type=\"container\" data-settings=\"{&quot;content_width&quot;:&quot;boxed&quot;}\">\n\t\t\t\t\t<div class=\"e-con-inner\">\n\t\t\t\t<div class=\"elementor-element elementor-element-6475441 elementor-invisible elementor-widget elementor-widget-heading\" data-id=\"6475441\" data-element_type=\"widget\" data-settings=\"{&quot;_animation&quot;:&quot;fadeIn&quot;}\" data-widget_type=\"heading.default\">\n\t\t\t\t<div class=\"elementor-widget-container\">\n\t\t\t<style>\/*! elementor - v3.13.3 - 28-05-2023 *\/\n.elementor-heading-title{padding:0;margin:0;line-height:1}.elementor-widget-heading .elementor-heading-title[class*=elementor-size-]>a{color:inherit;font-size:inherit;line-height:inherit}.elementor-widget-heading .elementor-heading-title.elementor-size-small{font-size:15px}.elementor-widget-heading .elementor-heading-title.elementor-size-medium{font-size:19px}.elementor-widget-heading .elementor-heading-title.elementor-size-large{font-size:29px}.elementor-widget-heading .elementor-heading-title.elementor-size-xl{font-size:39px}.elementor-widget-heading .elementor-heading-title.elementor-size-xxl{font-size:59px}<\/style><h1 class=\"elementor-heading-title elementor-size-default\">NOUS CROYONS EN L\u2019AVENIR : LA DURABILIT\u00c9 FAIT PARTIE DE NOS OBJECTIFS STRAT\u00c9GIQUES.<\/h1>\t\t<\/div>\n\t\t\t\t<\/div>\n\t\t\t\t<div class=\"elementor-element elementor-element-397b55f elementor-invisible elementor-widget elementor-widget-text-editor\" data-id=\"397b55f\" data-element_type=\"widget\" data-settings=\"{&quot;_animation&quot;:&quot;fadeIn&quot;}\" data-widget_type=\"text-editor.default\">\n\t\t\t\t<div class=\"elementor-widget-container\">\n\t\t\t<style>\/*! elementor - v3.13.3 - 28-05-2023 *\/\n.elementor-widget-text-editor.elementor-drop-cap-view-stacked .elementor-drop-cap{background-color:#69727d;color:#fff}.elementor-widget-text-editor.elementor-drop-cap-view-framed .elementor-drop-cap{color:#69727d;border:3px solid;background-color:transparent}.elementor-widget-text-editor:not(.elementor-drop-cap-view-default) .elementor-drop-cap{margin-top:8px}.elementor-widget-text-editor:not(.elementor-drop-cap-view-default) .elementor-drop-cap-letter{width:1em;height:1em}.elementor-widget-text-editor .elementor-drop-cap{float:left;text-align:center;line-height:1;font-size:50px}.elementor-widget-text-editor .elementor-drop-cap-letter{display:inline-block}<\/style>\t\t\t\t<p>Nous nous sommes engag\u00e9s \u00e0 optimiser l\u2019utilisation de l\u2019\u00e9nergie, la consommation de ressources et le recyclage des d\u00e9chets.<\/p>\n\t\t\t\t\t\t<\/div>\n\t\t\t\t<\/div>\n\t\t\t\t<div class=\"elementor-element elementor-element-5c50533 elementor-invisible elementor-widget elementor-widget-heading\" data-id=\"5c50533\" data-element_type=\"widget\" data-settings=\"{&quot;_animation&quot;:&quot;fadeIn&quot;}\" data-widget_type=\"heading.default\">\n\t\t\t\t<div class=\"elementor-widget-container\">\n\t\t\t<h2 class=\"elementor-heading-title elementor-size-default\">UN MOD\u00c8LE DE PRODUCTION \u00c0 IMPACT ENVIRONNEMENTAL R\u00c9DUIT<\/h2>\t\t<\/div>\n\t\t\t\t<\/div>\n\t\t\t\t<div class=\"elementor-element elementor-element-6e8c31c elementor-invisible elementor-widget elementor-widget-text-editor\" data-id=\"6e8c31c\" data-element_type=\"widget\" data-settings=\"{&quot;_animation&quot;:&quot;fadeIn&quot;}\" data-widget_type=\"text-editor.default\">\n\t\t\t\t<div class=\"elementor-widget-container\">\n\t\t\t\t\t\t\tNous produisons une partie consistante de l\u2019\u00e9nergie que nous consommons par l\u2019interm\u00e9diaire d\u2019une installation photovolta\u00efque. Nous utilisons des machines de toute derni\u00e8re g\u00e9n\u00e9ration qui garantissent une efficacit\u00e9 \u00e9nerg\u00e9tique maximale.\nNous avons consid\u00e9rablement r\u00e9duit notre consommation d\u2019eau, en la r\u00e9cup\u00e9rant dans les diff\u00e9rents cycles de production. Cela implique une r\u00e9duction des gaspillages et des pr\u00e9l\u00e8vements du r\u00e9seau hydrique.\nDans une perspective de vie enti\u00e8re du produit, nous recyclons et r\u00e9introduisons dans le cycle de production la moiti\u00e9 des d\u00e9chets de production, en particulier dans l&rsquo;utilisation des mati\u00e8res plastiques.\t\t\t\t\t\t<\/div>\n\t\t\t\t<\/div>\n\t\t\t\t<div class=\"elementor-element elementor-element-da62751 elementor-invisible elementor-widget elementor-widget-heading\" data-id=\"da62751\" data-element_type=\"widget\" data-settings=\"{&quot;_animation&quot;:&quot;fadeIn&quot;}\" data-widget_type=\"heading.default\">\n\t\t\t\t<div class=\"elementor-widget-container\">\n\t\t\t<h2 class=\"elementor-heading-title elementor-size-default\">DES PRODUITS TOUJOURS PLUS CONSCIENTS<\/h2>\t\t<\/div>\n\t\t\t\t<\/div>\n\t\t\t\t<div class=\"elementor-element elementor-element-1de1bab elementor-invisible elementor-widget elementor-widget-text-editor\" data-id=\"1de1bab\" data-element_type=\"widget\" data-settings=\"{&quot;_animation&quot;:&quot;fadeIn&quot;}\" data-widget_type=\"text-editor.default\">\n\t\t\t\t<div class=\"elementor-widget-container\">\n\t\t\t\t\t\t\t<p>Nous nous engageons \u00e0 concevoir des produits toujours plus durables et responsables, \u00e0 partir du choix des mati\u00e8res premi\u00e8res. Nous recherchons et testons constamment des solutions alternatives qui garantissent une meilleure gestion des ressources, en employant autant que possible des mat\u00e9riaux recycl\u00e9s, biod\u00e9gradables et biologiques.<\/p>\n\t\t\t\t\t\t<\/div>\n\t\t\t\t<\/div>\n\t\t\t\t<div class=\"elementor-element elementor-element-8fca2f6 elementor-invisible elementor-widget elementor-widget-heading\" data-id=\"8fca2f6\" data-element_type=\"widget\" data-settings=\"{&quot;_animation&quot;:&quot;fadeIn&quot;}\" data-widget_type=\"heading.default\">\n\t\t\t\t<div class=\"elementor-widget-container\">\n\t\t\t<h2 class=\"elementor-heading-title elementor-size-default\">UN MILIEU DE TRAVAIL FERTILE<\/h2>\t\t<\/div>\n\t\t\t\t<\/div>\n\t\t\t\t<div class=\"elementor-element elementor-element-315197b elementor-invisible elementor-widget elementor-widget-text-editor\" data-id=\"315197b\" data-element_type=\"widget\" data-settings=\"{&quot;_animation&quot;:&quot;fadeIn&quot;}\" data-widget_type=\"text-editor.default\">\n\t\t\t\t<div class=\"elementor-widget-container\">\n\t\t\t\t\t\t\t<p>Nous travaillons pour faire cro\u00eetre, jour apr\u00e8s jour, le bien-\u00eatre de nos collaborateurs parce que nous sommes fortement convaincus qu\u2019ils sont le moteur de notre croissance.<br \/>Nous respectons l\u2019\u00e9quilibre entre vie priv\u00e9e et professionnelle et nous encourageons les personnes \u00e0 s\u2019am\u00e9liorer constamment, quelle que soit la position qu\u2019elles occupent dans l\u2019entreprise.<\/p>\n\t\t\t\t\t\t<\/div>\n\t\t\t\t<\/div>\n\t\t\t\t\t<\/div>\n\t\t\t\t<\/div>\n\t\t\t\t\t\t\t<\/div>\n\t\t","protected":false},"excerpt":{"rendered":"<p>NOUS CROYONS EN L\u2019AVENIR : LA DURABILIT\u00c9 FAIT PARTIE DE NOS OBJECTIFS STRAT\u00c9GIQUES. Nous nous sommes engag\u00e9s \u00e0 optimiser l\u2019utilisation de l\u2019\u00e9nergie, la consommation de ressources et le recyclage des d\u00e9chets. UN MOD\u00c8LE DE PRODUCTION \u00c0 IMPACT ENVIRONNEMENTAL R\u00c9DUIT Nous produisons une partie consistante de l\u2019\u00e9nergie que nous consommons par l\u2019interm\u00e9diaire d\u2019une installation photovolta\u00efque. Nous [&hellip;]<\/p>\n","protected":false},"author":1,"featured_media":0,"parent":0,"menu_order":0,"comment_status":"closed","ping_status":"closed","template":"elementor_header_footer","meta":{"footnotes":""},"class_list":["post-1527","page","type-page","status-publish","hentry"],"yoast_head":"<!-- This site is optimized with the Yoast SEO plugin v20.10 - https:\/\/yoast.com\/wordpress\/plugins\/seo\/ -->\n<title>LA DURABILIT\u00c9 - Feba<\/title>\n<meta name=\"description\" content=\"La durabilit\u00e9 fait partie de nos objectifs strat\u00e9giques.\" \/>\n<meta name=\"robots\" content=\"index, follow, max-snippet:-1, max-image-preview:large, max-video-preview:-1\" \/>\n<link rel=\"canonical\" href=\"https:\/\/febabottoni.it\/fr\/la-durabilite\/\" \/>\n<meta property=\"og:locale\" content=\"fr_FR\" \/>\n<meta property=\"og:type\" content=\"article\" \/>\n<meta property=\"og:title\" content=\"LA DURABILIT\u00c9 - Feba\" \/>\n<meta property=\"og:description\" content=\"La durabilit\u00e9 fait partie de nos objectifs strat\u00e9giques.\" \/>\n<meta property=\"og:url\" content=\"https:\/\/febabottoni.it\/fr\/la-durabilite\/\" \/>\n<meta property=\"og:site_name\" content=\"Feba\" \/>\n<meta property=\"article:modified_time\" content=\"2023-09-26T13:38:05+00:00\" \/>\n<meta property=\"og:image\" content=\"https:\/\/febabottoni.it\/wp-content\/uploads\/2023\/06\/azienda-esterno-cartoncino.jpg\" \/>\n\t<meta property=\"og:image:width\" content=\"1500\" \/>\n\t<meta property=\"og:image:height\" content=\"1060\" \/>\n\t<meta property=\"og:image:type\" content=\"image\/jpeg\" \/>\n<meta name=\"twitter:card\" content=\"summary_large_image\" \/>\n<meta name=\"twitter:label1\" content=\"Dur\u00e9e de lecture estim\u00e9e\" \/>\n\t<meta name=\"twitter:data1\" content=\"1 minute\" \/>\n<script type=\"application\/ld+json\" class=\"yoast-schema-graph\">{\"@context\":\"https:\/\/schema.org\",\"@graph\":[{\"@type\":\"WebPage\",\"@id\":\"https:\/\/febabottoni.it\/fr\/la-durabilite\/\",\"url\":\"https:\/\/febabottoni.it\/fr\/la-durabilite\/\",\"name\":\"LA DURABILIT\u00c9 - Feba\",\"isPartOf\":{\"@id\":\"https:\/\/febabottoni.it\/fr\/#website\"},\"datePublished\":\"2023-06-06T13:12:57+00:00\",\"dateModified\":\"2023-09-26T13:38:05+00:00\",\"description\":\"La durabilit\u00e9 fait partie de nos objectifs strat\u00e9giques.\",\"breadcrumb\":{\"@id\":\"https:\/\/febabottoni.it\/fr\/la-durabilite\/#breadcrumb\"},\"inLanguage\":\"fr-FR\",\"potentialAction\":[{\"@type\":\"ReadAction\",\"target\":[\"https:\/\/febabottoni.it\/fr\/la-durabilite\/\"]}]},{\"@type\":\"BreadcrumbList\",\"@id\":\"https:\/\/febabottoni.it\/fr\/la-durabilite\/#breadcrumb\",\"itemListElement\":[{\"@type\":\"ListItem\",\"position\":1,\"name\":\"Home\",\"item\":\"https:\/\/febabottoni.it\/fr\/\"},{\"@type\":\"ListItem\",\"position\":2,\"name\":\"LA DURABILIT\u00c9\"}]},{\"@type\":\"WebSite\",\"@id\":\"https:\/\/febabottoni.it\/fr\/#website\",\"url\":\"https:\/\/febabottoni.it\/fr\/\",\"name\":\"Feba bottoni\",\"description\":\"Bottoni e accessori per i marchi di moda\",\"publisher\":{\"@id\":\"https:\/\/febabottoni.it\/fr\/#organization\"},\"potentialAction\":[{\"@type\":\"SearchAction\",\"target\":{\"@type\":\"EntryPoint\",\"urlTemplate\":\"https:\/\/febabottoni.it\/fr\/?s={search_term_string}\"},\"query-input\":\"required name=search_term_string\"}],\"inLanguage\":\"fr-FR\"},{\"@type\":\"Organization\",\"@id\":\"https:\/\/febabottoni.it\/fr\/#organization\",\"name\":\"Feba bottoni\",\"url\":\"https:\/\/febabottoni.it\/fr\/\",\"logo\":{\"@type\":\"ImageObject\",\"inLanguage\":\"fr-FR\",\"@id\":\"https:\/\/febabottoni.it\/fr\/#\/schema\/logo\/image\/\",\"url\":\"https:\/\/febabottoni.it\/wp-content\/uploads\/2023\/03\/cropped-Feba_bergamo.png\",\"contentUrl\":\"https:\/\/febabottoni.it\/wp-content\/uploads\/2023\/03\/cropped-Feba_bergamo.png\",\"width\":738,\"height\":298,\"caption\":\"Feba bottoni\"},\"image\":{\"@id\":\"https:\/\/febabottoni.it\/fr\/#\/schema\/logo\/image\/\"}}]}<\/script>\n<!-- \/ Yoast SEO plugin. -->","yoast_head_json":{"title":"LA DURABILIT\u00c9 - Feba","description":"La durabilit\u00e9 fait partie de nos objectifs strat\u00e9giques.","robots":{"index":"index","follow":"follow","max-snippet":"max-snippet:-1","max-image-preview":"max-image-preview:large","max-video-preview":"max-video-preview:-1"},"canonical":"https:\/\/febabottoni.it\/fr\/la-durabilite\/","og_locale":"fr_FR","og_type":"article","og_title":"LA DURABILIT\u00c9 - Feba","og_description":"La durabilit\u00e9 fait partie de nos objectifs strat\u00e9giques.","og_url":"https:\/\/febabottoni.it\/fr\/la-durabilite\/","og_site_name":"Feba","article_modified_time":"2023-09-26T13:38:05+00:00","og_image":[{"width":1500,"height":1060,"url":"https:\/\/febabottoni.it\/wp-content\/uploads\/2023\/06\/azienda-esterno-cartoncino.jpg","type":"image\/jpeg"}],"twitter_card":"summary_large_image","twitter_misc":{"Dur\u00e9e de lecture estim\u00e9e":"1 minute"},"schema":{"@context":"https:\/\/schema.org","@graph":[{"@type":"WebPage","@id":"https:\/\/febabottoni.it\/fr\/la-durabilite\/","url":"https:\/\/febabottoni.it\/fr\/la-durabilite\/","name":"LA DURABILIT\u00c9 - Feba","isPartOf":{"@id":"https:\/\/febabottoni.it\/fr\/#website"},"datePublished":"2023-06-06T13:12:57+00:00","dateModified":"2023-09-26T13:38:05+00:00","description":"La durabilit\u00e9 fait partie de nos objectifs strat\u00e9giques.","breadcrumb":{"@id":"https:\/\/febabottoni.it\/fr\/la-durabilite\/#breadcrumb"},"inLanguage":"fr-FR","potentialAction":[{"@type":"ReadAction","target":["https:\/\/febabottoni.it\/fr\/la-durabilite\/"]}]},{"@type":"BreadcrumbList","@id":"https:\/\/febabottoni.it\/fr\/la-durabilite\/#breadcrumb","itemListElement":[{"@type":"ListItem","position":1,"name":"Home","item":"https:\/\/febabottoni.it\/fr\/"},{"@type":"ListItem","position":2,"name":"LA DURABILIT\u00c9"}]},{"@type":"WebSite","@id":"https:\/\/febabottoni.it\/fr\/#website","url":"https:\/\/febabottoni.it\/fr\/","name":"Feba bottoni","description":"Bottoni e accessori per i marchi di moda","publisher":{"@id":"https:\/\/febabottoni.it\/fr\/#organization"},"potentialAction":[{"@type":"SearchAction","target":{"@type":"EntryPoint","urlTemplate":"https:\/\/febabottoni.it\/fr\/?s={search_term_string}"},"query-input":"required name=search_term_string"}],"inLanguage":"fr-FR"},{"@type":"Organization","@id":"https:\/\/febabottoni.it\/fr\/#organization","name":"Feba bottoni","url":"https:\/\/febabottoni.it\/fr\/","logo":{"@type":"ImageObject","inLanguage":"fr-FR","@id":"https:\/\/febabottoni.it\/fr\/#\/schema\/logo\/image\/","url":"https:\/\/febabottoni.it\/wp-content\/uploads\/2023\/03\/cropped-Feba_bergamo.png","contentUrl":"https:\/\/febabottoni.it\/wp-content\/uploads\/2023\/03\/cropped-Feba_bergamo.png","width":738,"height":298,"caption":"Feba bottoni"},"image":{"@id":"https:\/\/febabottoni.it\/fr\/#\/schema\/logo\/image\/"}}]}},"_links":{"self":[{"href":"https:\/\/febabottoni.it\/fr\/wp-json\/wp\/v2\/pages\/1527","targetHints":{"allow":["GET"]}}],"collection":[{"href":"https:\/\/febabottoni.it\/fr\/wp-json\/wp\/v2\/pages"}],"about":[{"href":"https:\/\/febabottoni.it\/fr\/wp-json\/wp\/v2\/types\/page"}],"author":[{"embeddable":true,"href":"https:\/\/febabottoni.it\/fr\/wp-json\/wp\/v2\/users\/1"}],"replies":[{"embeddable":true,"href":"https:\/\/febabottoni.it\/fr\/wp-json\/wp\/v2\/comments?post=1527"}],"version-history":[{"count":5,"href":"https:\/\/febabottoni.it\/fr\/wp-json\/wp\/v2\/pages\/1527\/revisions"}],"predecessor-version":[{"id":1756,"href":"https:\/\/febabottoni.it\/fr\/wp-json\/wp\/v2\/pages\/1527\/revisions\/1756"}],"wp:attachment":[{"href":"https:\/\/febabottoni.it\/fr\/wp-json\/wp\/v2\/media?parent=1527"}],"curies":[{"name":"wp","href":"https:\/\/api.w.org\/{rel}","templated":true}]}}